{"id":32218,"date":"2023-01-23T13:50:16","date_gmt":"2023-01-23T13:50:16","guid":{"rendered":"https:\/\/aksamuhendislik.com\/%d8%a7%d9%8a%d8%af%d9%8a%d9%83\/%d9%85%d8%b2%d9%88%d8%af%d8%a7%d8%aa-%d8%a7%d9%84%d8%b7%d8%a7%d9%82%d8%a9\/%d8%b3%d9%84%d8%b3%d9%84%d8%a9-ps5r-v\/"},"modified":"2023-03-14T06:17:04","modified_gmt":"2023-03-14T06:17:04","slug":"%d8%b3%d9%84%d8%b3%d9%84%d8%a9-ps5r-v","status":"publish","type":"page","link":"https:\/\/aksamuhendislik.com\/ar\/%d8%a7%d9%8a%d8%af%d9%8a%d9%83\/%d9%85%d8%b2%d9%88%d8%af%d8%a7%d8%aa-%d8%a7%d9%84%d8%b7%d8%a7%d9%82%d8%a9\/%d8%b3%d9%84%d8%b3%d9%84%d8%a9-ps5r-v\/","title":{"rendered":"\u0633\u0644\u0633\u0644\u0629 PS5R-V"},"content":{"rendered":"\t\t<div data-elementor-type=\"wp-page\" data-elementor-id=\"32218\" class=\"elementor elementor-32218\">\n\t\t\t\t<div class=\"elementor-element elementor-element-9c1407e e-con-full e-flex e-con e-parent\" data-id=\"9c1407e\" data-element_type=\"container\" data-settings=\"{&quot;content_width&quot;:&quot;full&quot;}\" data-core-v316-plus=\"true\">\n\t\t<div class=\"elementor-element elementor-element-4c191f9 e-flex e-con-boxed e-con e-parent\" data-id=\"4c191f9\" data-element_type=\"container\" data-settings=\"{&quot;content_width&quot;:&quot;boxed&quot;}\" data-core-v316-plus=\"true\">\n\t\t\t\t\t<div class=\"e-con-inner\">\n\t\t\t\t<div class=\"elementor-element elementor-element-e0257c6 sc_fly_static elementor-widget elementor-widget-html\" data-id=\"e0257c6\" data-element_type=\"widget\" data-widget_type=\"html.default\">\n\t\t\t\t<div class=\"elementor-widget-container\">\n\t\t\t<div class=\"dis\">\r\n<div class=\"ust\" style=\"text-align:center;\">\r\n    <a href=\"https:\/\/aksamuhendislik.com\/ar\/urun-kategorileri\/%d8%a7%d9%8a%d8%af%d9%8a%d9%83\/%d9%85%d8%b2%d9%88%d8%af%d8%a7%d8%aa-%d8%a7%d9%84%d8%b7%d8%a7%d9%82%d8%a9\/%d8%b3%d9%84%d8%b3%d9%84%d8%a9-ps5r-v\/%d8%ae%d8%b1%d8%ac-5-%d9%81%d9%88%d9%84%d8%aa\/\" ><img decoding=\"async\" src=\"https:\/\/aksamuhendislik.com\/wp-content\/uploads\/2023\/03\/0C9B8395-AEF9-DC28-A99CBCE3532DC534.jpg\"><\/a>\r\n    \r\n    \r\n    \r\n<\/div>\r\n<div class=\"alt\" style=\"text-align:center;\">\r\n    <a href=\"https:\/\/aksamuhendislik.com\/ar\/urun-kategorileri\/%d8%a7%d9%8a%d8%af%d9%8a%d9%83\/%d9%85%d8%b2%d9%88%d8%af%d8%a7%d8%aa-%d8%a7%d9%84%d8%b7%d8%a7%d9%82%d8%a9\/%d8%b3%d9%84%d8%b3%d9%84%d8%a9-ps5r-v\/%d8%ae%d8%b1%d8%ac-5-%d9%81%d9%88%d9%84%d8%aa\/\" >\u062e\u0631\u062c 5 \u0641\u0648\u0644\u062a<\/a>\r\n\r\n    \r\n<\/div>\r\n<\/div>\r\n\t\t<\/div>\n\t\t\t\t<\/div>\n\t\t\t\t\t<\/div>\n\t\t\t\t<\/div>\n\t\t<div class=\"elementor-element elementor-element-368d893 e-flex e-con-boxed e-con e-parent\" data-id=\"368d893\" data-element_type=\"container\" data-settings=\"{&quot;content_width&quot;:&quot;boxed&quot;}\" data-core-v316-plus=\"true\">\n\t\t\t\t\t<div class=\"e-con-inner\">\n\t\t\t\t<div class=\"elementor-element elementor-element-8ca715a sc_fly_static elementor-widget elementor-widget-html\" data-id=\"8ca715a\" data-element_type=\"widget\" data-widget_type=\"html.default\">\n\t\t\t\t<div class=\"elementor-widget-container\">\n\t\t\t<div class=\"dis\">\r\n<div class=\"ust\" style=\"text-align:center;\">\r\n    <a href=\"https:\/\/aksamuhendislik.com\/ar\/urun-kategorileri\/%d8%a7%d9%8a%d8%af%d9%8a%d9%83\/%d9%85%d8%b2%d9%88%d8%af%d8%a7%d8%aa-%d8%a7%d9%84%d8%b7%d8%a7%d9%82%d8%a9\/%d8%b3%d9%84%d8%b3%d9%84%d8%a9-ps5r-v\/%d8%ae%d8%b1%d8%ac-12-%d9%81%d9%88%d9%84%d8%aa\/\" ><img decoding=\"async\" src=\"https:\/\/aksamuhendislik.com\/wp-content\/uploads\/2023\/03\/0C9B8395-AEF9-DC28-A99CBCE3532DC534.jpg\"><\/a>\r\n    \r\n    \r\n    \r\n<\/div>\r\n<div class=\"alt\" style=\"text-align:center;\">\r\n    <a href=\"https:\/\/aksamuhendislik.com\/ar\/urun-kategorileri\/%d8%a7%d9%8a%d8%af%d9%8a%d9%83\/%d9%85%d8%b2%d9%88%d8%af%d8%a7%d8%aa-%d8%a7%d9%84%d8%b7%d8%a7%d9%82%d8%a9\/%d8%b3%d9%84%d8%b3%d9%84%d8%a9-ps5r-v\/%d8%ae%d8%b1%d8%ac-12-%d9%81%d9%88%d9%84%d8%aa\/\" >12 Volt \u00c7\u0131k\u0131\u015f<\/a>\r\n\r\n    \r\n<\/div>\r\n<\/div>\r\n\t\t<\/div>\n\t\t\t\t<\/div>\n\t\t\t\t\t<\/div>\n\t\t\t\t<\/div>\n\t\t<div class=\"elementor-element elementor-element-a90a1cf e-flex e-con-boxed e-con e-parent\" data-id=\"a90a1cf\" data-element_type=\"container\" data-settings=\"{&quot;content_width&quot;:&quot;boxed&quot;}\" data-core-v316-plus=\"true\">\n\t\t\t\t\t<div class=\"e-con-inner\">\n\t\t\t\t<div class=\"elementor-element elementor-element-4e0a83f sc_fly_static elementor-widget elementor-widget-html\" data-id=\"4e0a83f\" data-element_type=\"widget\" data-widget_type=\"html.default\">\n\t\t\t\t<div class=\"elementor-widget-container\">\n\t\t\t<div class=\"dis\">\r\n<div class=\"ust\" style=\"text-align:center;\">\r\n    <a href=\"https:\/\/aksamuhendislik.com\/ar\/urun-kategorileri\/%d8%a7%d9%8a%d8%af%d9%8a%d9%83\/%d9%85%d8%b2%d9%88%d8%af%d8%a7%d8%aa-%d8%a7%d9%84%d8%b7%d8%a7%d9%82%d8%a9\/%d8%b3%d9%84%d8%b3%d9%84%d8%a9-ps5r-v\/%d8%ae%d8%b1%d8%ac-24-%d9%81%d9%88%d9%84%d8%aa\/\" ><img decoding=\"async\" src=\"https:\/\/aksamuhendislik.com\/wp-content\/uploads\/2023\/03\/0C9B8395-AEF9-DC28-A99CBCE3532DC534.jpg\"><\/a>\r\n    \r\n    \r\n    \r\n<\/div>\r\n<div class=\"alt\" style=\"text-align:center;\">\r\n    <a href=\"https:\/\/aksamuhendislik.com\/ar\/urun-kategorileri\/%d8%a7%d9%8a%d8%af%d9%8a%d9%83\/%d9%85%d8%b2%d9%88%d8%af%d8%a7%d8%aa-%d8%a7%d9%84%d8%b7%d8%a7%d9%82%d8%a9\/%d8%b3%d9%84%d8%b3%d9%84%d8%a9-ps5r-v\/%d8%ae%d8%b1%d8%ac-24-%d9%81%d9%88%d9%84%d8%aa\/\" >\u062e\u0631\u062c 24 \u0641\u0648\u0644\u062a<\/a>\r\n\r\n    \r\n<\/div>\r\n<\/div>\r\n\t\t<\/div>\n\t\t\t\t<\/div>\n\t\t\t\t\t<\/div>\n\t\t\t\t<\/div>\n\t\t<div class=\"elementor-element elementor-element-38706f4 e-flex e-con-boxed e-con e-parent\" data-id=\"38706f4\" data-element_type=\"container\" data-settings=\"{&quot;content_width&quot;:&quot;boxed&quot;}\" data-core-v316-plus=\"true\">\n\t\t\t\t\t<div class=\"e-con-inner\">\n\t\t\t\t\t<\/div>\n\t\t\t\t<\/div>\n\t\t\t\t<\/div>\n\t\t\t\t<\/div>\n\t\t","protected":false},"excerpt":{"rendered":"<p>\u062e\u0631\u062c 5 \u0641\u0648\u0644\u062a 12 Volt \u00c7\u0131k\u0131\u015f \u062e\u0631\u062c 24 \u0641\u0648\u0644\u062a<\/p>\n","protected":false},"author":1,"featured_media":0,"parent":32210,"menu_order":0,"comment_status":"closed","ping_status":"closed","template":"","meta":{"footnotes":""},"class_list":["post-32218","page","type-page","status-publish","hentry"],"_links":{"self":[{"href":"https:\/\/aksamuhendislik.com\/ar\/wp-json\/wp\/v2\/pages\/32218","targetHints":{"allow":["GET"]}}],"collection":[{"href":"https:\/\/aksamuhendislik.com\/ar\/wp-json\/wp\/v2\/pages"}],"about":[{"href":"https:\/\/aksamuhendislik.com\/ar\/wp-json\/wp\/v2\/types\/page"}],"author":[{"embeddable":true,"href":"https:\/\/aksamuhendislik.com\/ar\/wp-json\/wp\/v2\/users\/1"}],"replies":[{"embeddable":true,"href":"https:\/\/aksamuhendislik.com\/ar\/wp-json\/wp\/v2\/comments?post=32218"}],"version-history":[{"count":3,"href":"https:\/\/aksamuhendislik.com\/ar\/wp-json\/wp\/v2\/pages\/32218\/revisions"}],"predecessor-version":[{"id":32224,"href":"https:\/\/aksamuhendislik.com\/ar\/wp-json\/wp\/v2\/pages\/32218\/revisions\/32224"}],"up":[{"embeddable":true,"href":"https:\/\/aksamuhendislik.com\/ar\/wp-json\/wp\/v2\/pages\/32210"}],"wp:attachment":[{"href":"https:\/\/aksamuhendislik.com\/ar\/wp-json\/wp\/v2\/media?parent=32218"}],"curies":[{"name":"wp","href":"https:\/\/api.w.org\/{rel}","templated":true}]}}